{"id":991,"date":"2023-05-23T18:54:49","date_gmt":"2023-05-23T18:54:49","guid":{"rendered":"https:\/\/domesticlight.art\/luz-domestica\/"},"modified":"2025-06-05T17:21:51","modified_gmt":"2025-06-05T17:21:51","slug":"luz-domestica","status":"publish","type":"page","link":"https:\/\/domesticlight.art\/pt-br\/","title":{"rendered":"Luz dom\u00e9stica"},"content":{"rendered":"\n<p><\/p>\n\n<p><strong>Domestic Light<\/strong> explora a disparidade entre a forma como a luz natural \u00e9 percepcionada e mediada e a natureza das nossas rela\u00e7\u00f5es em rede. Come\u00e7ando com um ano de recolha de dados sobre a cor da luz, o projeto oferece uma nova forma de perceber como os nossos corpos constroem a no\u00e7\u00e3o de casa e a passagem do tempo &#8211; com base nas qualidades da luz onde vivemos &#8211; e como as imagens mediadas da natureza nos sensibilizam enquanto esp\u00e9cie.  <\/p>\n\n<p>Domestic Light culminar\u00e1 no final de 2025 com uma performance de instala\u00e7\u00e3o audiovisual ao vivo de Winters e da compositora Pamela Z, criada a partir dos dados e materiais coletados durante os anos solares de 2023-2025. <strong>Domestic Light<\/strong> atende \u00e0 necessidade urgente de criar redes entre comunidades e ap\u00f3ia o papel dos artistas no cultivo da observa\u00e7\u00e3o de suas pr\u00f3prias transforma\u00e7\u00f5es ambientais. No final do projeto, o seu conjunto \u00fanico de dados estruturados ser\u00e1 arquivado no Laborat\u00f3rio de Humanidades da Universidade de Sussex e estar\u00e1 dispon\u00edvel para utiliza\u00e7\u00e3o p\u00fablica e interpreta\u00e7\u00e3o por artistas e investigadores.  <\/p>\n\n<p><strong>Para obter informa\u00e7\u00f5es anteriores sobre a transmiss\u00e3o de v\u00eddeo ao vivo &#8211; trabalho do sensor (em execu\u00e7\u00e3o de 21 de junho de 2023 a 21 de junho de 2024 na <strong>SFArtsED Gallery<\/strong>, Minnesota St Project, <strong> 1275 MINNESOTA ST, 2nd Floor<\/strong>), consulte <\/strong><a href=\"https:\/\/domesticlight.art\/pt-br\/news\/exposicao-na-galeria-e-rececao-de-abertura-8-de-julho-3p-6p\/\">https:\/\/domesticlight.art\/news\/galleryexhibit\/<\/a><strong> <\/strong><\/p>\n\n<p>Fique atento \u00e0s not\u00edcias sobre nossas instala\u00e7\u00f5es de desempenho de 2025-2026 e exibi\u00e7\u00f5es de trabalho em andamento do desempenho audiovisual\/escultura de luz finalizado.<\/p>\n","protected":false},"excerpt":{"rendered":"<p>Domestic Light explora a disparidade entre a forma como a luz natural \u00e9 percepcionada e mediada e a natureza das nossas rela\u00e7\u00f5es em rede. Come\u00e7ando com um ano de recolha de dados sobre a cor da luz, o projeto oferece uma nova forma de perceber como os nossos corpos constroem a no\u00e7\u00e3o de casa e [&hellip;]<\/p>\n","protected":false},"author":1,"featured_media":0,"parent":0,"menu_order":0,"comment_status":"closed","ping_status":"closed","template":"page-homepage.php","meta":{"_acf_changed":false,"footnotes":""},"class_list":["post-991","page","type-page","status-publish","hentry"],"acf":[],"_links":{"self":[{"href":"https:\/\/domesticlight.art\/pt-br\/wp-json\/wp\/v2\/pages\/991","targetHints":{"allow":["GET"]}}],"collection":[{"href":"https:\/\/domesticlight.art\/pt-br\/wp-json\/wp\/v2\/pages"}],"about":[{"href":"https:\/\/domesticlight.art\/pt-br\/wp-json\/wp\/v2\/types\/page"}],"author":[{"embeddable":true,"href":"https:\/\/domesticlight.art\/pt-br\/wp-json\/wp\/v2\/users\/1"}],"replies":[{"embeddable":true,"href":"https:\/\/domesticlight.art\/pt-br\/wp-json\/wp\/v2\/comments?post=991"}],"version-history":[{"count":5,"href":"https:\/\/domesticlight.art\/pt-br\/wp-json\/wp\/v2\/pages\/991\/revisions"}],"predecessor-version":[{"id":3139,"href":"https:\/\/domesticlight.art\/pt-br\/wp-json\/wp\/v2\/pages\/991\/revisions\/3139"}],"wp:attachment":[{"href":"https:\/\/domesticlight.art\/pt-br\/wp-json\/wp\/v2\/media?parent=991"}],"curies":[{"name":"wp","href":"https:\/\/api.w.org\/{rel}","templated":true}]}}