{"id":1083,"date":"2023-06-07T18:44:24","date_gmt":"2023-06-07T18:44:24","guid":{"rendered":"https:\/\/domesticlight.art\/sobre\/"},"modified":"2025-06-05T17:19:25","modified_gmt":"2025-06-05T17:19:25","slug":"sobre","status":"publish","type":"page","link":"https:\/\/domesticlight.art\/pt-br\/sobre\/","title":{"rendered":"Sobre"},"content":{"rendered":"\n<p><strong>A pergunta do projeto &#8211; qual \u00e9 a cor da casa &#8211; d\u00e1 origem a um conjunto complexo de respostas<\/strong>: o azul particular de um c\u00e9u costeiro de inverno depois de uma chuva, o amarelo da l\u00e2mpada incandescente que herd\u00e1mos, o cinzento-ard\u00f3sia da chuva da tarde. Parte violeta, parte azul-petr\u00f3leo, parte azul, parte vermelho, parte amarelo &#8211; nenhuma delas \u00e9 facilmente reduzida ao vermelho, verde e azul dos ecr\u00e3s de computador e da impress\u00e3o &#8211; mas ao observar todo o espetro da luz, a Luz Dom\u00e9stica abre uma janela para as nuances da perce\u00e7\u00e3o humana.<\/p>\n\n<p>Domestic Light \u00e9 um projeto de arte multim\u00e9dia com um ano de dura\u00e7\u00e3o, em time-lapse, de <a href=\"https:\/\/ianwinters.com\/\" target=\"_blank\" rel=\"noreferrer noopener\">\n  <strong>Ian Winters<\/strong>\n<\/a>utilizando uma rede global de sensores de cor multi-espectrais instalados em parapeitos de janelas de casas em todos os fusos hor\u00e1rios do mundo<sup>(se poss\u00edvel)<\/sup>para explorar a natureza da nossa rela\u00e7\u00e3o com o car\u00e1cter da luz, a casa e a passagem do tempo. Registrando a mudan\u00e7a de cor da luz dom\u00e9stica em todo o mundo, dia ap\u00f3s dia e ano ap\u00f3s ano, os dados do sensor ser\u00e3o usados para criar um retrato colorido em tempo real da \u201ccasa\u201d &#8211; individual, dom\u00e9stica e planet\u00e1ria, durante os anos solares de 2023 a 2025.<\/p>\n\n<p><strong>A PONTUA\u00c7\u00c3O<\/strong><\/p>\n\n<h3 class=\"wp-block-heading\"><strong>EXPLORAR A NATUREZA DA LUZ<\/strong><\/h3>\n\n<p><strong>Domestic Light<\/strong> explora a disparidade entre a forma como a luz natural \u00e9 percepcionada e mediada e a natureza das nossas rela\u00e7\u00f5es em rede. O projeto oferece uma nova maneira de perceber como nossos corpos constroem a no\u00e7\u00e3o de lar e a passagem do tempo com base nas qualidades de luz do local onde vivemos &#8211; e como as imagens mediadas da natureza est\u00e3o nos sensibilizando como esp\u00e9cie. <strong>Domestic Light<\/strong> atende \u00e0 necessidade urgente de criar redes entre comunidades e ap\u00f3ia o papel dos artistas no cultivo da observa\u00e7\u00e3o de suas pr\u00f3prias transforma\u00e7\u00f5es ambientais. No final do projeto, o seu conjunto \u00fanico de dados estruturados ser\u00e1 arquivado no Laborat\u00f3rio de Humanidades da Universidade de Sussex e estar\u00e1 dispon\u00edvel para utiliza\u00e7\u00e3o p\u00fablica e interpreta\u00e7\u00e3o por artistas e investigadores.  <\/p>\n\n<h3 class=\"wp-block-heading\"><strong>Como \u00e9 que vai ser?  <\/strong><\/h3>\n\n<p>Come\u00e7ando no solst\u00edcio de 2023 e terminando no solst\u00edcio de ver\u00e3o de 2025, os dados do sensor da Domestic Light ser\u00e3o traduzidos em exibi\u00e7\u00f5es de v\u00eddeo ao vivo neste site, na <a href=\"https:\/\/www.sfartsed.org\/exhibitions\/\" target=\"_blank\" rel=\"noreferrer noopener\">SFArtsED Gallery <\/a>no Minnesota Street Project em S\u00e3o Francisco. Entre o ver\u00e3o de 2025 e a primavera de 2026, o projeto culminar\u00e1 em uma instala\u00e7\u00e3o imersiva, uma performance audiovisual ao vivo de Ian Winters e Pamela Z criada a partir de um v\u00eddeo feito com o lapso de tempo dos dados do ano, juntamente com o som contribu\u00eddo pelos anfitri\u00f5es do sensor, eventos organizados pelo parceiro <a href=\"https:\/\/leonardo.info\/\">Leonardo<\/a>, que comissiona o Creative Work Fund, e uma se\u00e7\u00e3o especial no Leonardo Journal. <\/p>\n\n<h3 class=\"wp-block-heading\">CR\u00c9DITOS<\/h3>\n\n<p>Entre os principais colaboradores contam-se <a rel=\"noreferrer noopener\" href=\"http:\/\/kinetecharts.org\/contributing-artists\" target=\"_blank\">Weidong Yang<\/a> (programa\u00e7\u00e3o de sensores e dados), Pamela Z (compositora), <a rel=\"noreferrer noopener\" href=\"https:\/\/leonardo.info\/\" target=\"_blank\">Leonardo \/ ISAST,<\/a> atrav\u00e9s de resid\u00eancias no <a rel=\"noreferrer noopener\" href=\"https:\/\/djerasssi.org\/\" target=\"_blank\">Djerassi Resident Artist Program<\/a> e no <a rel=\"noreferrer noopener\" href=\"https:\/\/www.sussex.ac.uk\/research\/centres\/sussex-humanities-lab\/\" target=\"_blank\">University of Sussex Humanities Lab<\/a> e com o apoio do <a rel=\"noreferrer noopener\" href=\"https:\/\/creativeworkfund.org\/about\" target=\"_blank\">Creative Work Fund<\/a>.<\/p>\n\n<p>Outros cr\u00e9ditos incluem o design do local por Yann Novak<a href=\"https:\/\/www.3n.design\/\" data-type=\"URL\" data-id=\"https:\/\/www.3n.design\/\">(3n design<\/a>) e Nick Cimicula, o suporte adicional de programa\u00e7\u00e3o de <a href=\"https:\/\/www.kineviz.com\/about\" data-type=\"URL\" data-id=\"https:\/\/www.kineviz.com\/about\">Xing Li<\/a> (Kineviz) e Dr. Nic Seymour-Smith (SHL), a fabrica\u00e7\u00e3o da instala\u00e7\u00e3o por John Rogers, a fabrica\u00e7\u00e3o de sensores por Jeffrey Lubow, David Coll e Juliet Hadid, e as fabulosas equipes de nossos parceiros organizacionais, incluindo SFArtsED (especialmente Pete Belkin), Leonardo\/ISAST (especialmente Vanessa Chang), Sussex Humanities Lab e Djerassi Resident Artist Program.<\/p>\n\n<p>A Domestic Light \u00e9 financiada em parte por um subs\u00eddio do Creative Work Fund, um programa do Walter and Elise Haas Fund que tamb\u00e9m \u00e9 apoiado pela The William and Flora Hewlett Foundation, juntamente com o apoio do Djerassi Resident Artist Program e a generosidade de muitos doadores privados.<\/p>\n","protected":false},"excerpt":{"rendered":"<p>A pergunta do projeto &#8211; qual \u00e9 a cor da casa &#8211; d\u00e1 origem a um conjunto complexo de respostas: o azul particular de um c\u00e9u costeiro de inverno depois de uma chuva, o amarelo da l\u00e2mpada incandescente que herd\u00e1mos, o cinzento-ard\u00f3sia da chuva da tarde. Parte violeta, parte azul-petr\u00f3leo, parte azul, parte vermelho, parte [&hellip;]<\/p>\n","protected":false},"author":1,"featured_media":0,"parent":0,"menu_order":0,"comment_status":"closed","ping_status":"closed","template":"","meta":{"_acf_changed":false,"footnotes":""},"class_list":["post-1083","page","type-page","status-publish","hentry"],"acf":[],"_links":{"self":[{"href":"https:\/\/domesticlight.art\/pt-br\/wp-json\/wp\/v2\/pages\/1083","targetHints":{"allow":["GET"]}}],"collection":[{"href":"https:\/\/domesticlight.art\/pt-br\/wp-json\/wp\/v2\/pages"}],"about":[{"href":"https:\/\/domesticlight.art\/pt-br\/wp-json\/wp\/v2\/types\/page"}],"author":[{"embeddable":true,"href":"https:\/\/domesticlight.art\/pt-br\/wp-json\/wp\/v2\/users\/1"}],"replies":[{"embeddable":true,"href":"https:\/\/domesticlight.art\/pt-br\/wp-json\/wp\/v2\/comments?post=1083"}],"version-history":[{"count":3,"href":"https:\/\/domesticlight.art\/pt-br\/wp-json\/wp\/v2\/pages\/1083\/revisions"}],"predecessor-version":[{"id":3131,"href":"https:\/\/domesticlight.art\/pt-br\/wp-json\/wp\/v2\/pages\/1083\/revisions\/3131"}],"wp:attachment":[{"href":"https:\/\/domesticlight.art\/pt-br\/wp-json\/wp\/v2\/media?parent=1083"}],"curies":[{"name":"wp","href":"https:\/\/api.w.org\/{rel}","templated":true}]}}