{"id":1052,"date":"2023-05-16T17:48:51","date_gmt":"2023-05-16T17:48:51","guid":{"rendered":"https:\/\/domesticlight.art\/informacoes-tecnicas\/"},"modified":"2024-12-14T19:17:22","modified_gmt":"2024-12-14T19:17:22","slug":"informacoes-tecnicas","status":"publish","type":"page","link":"https:\/\/domesticlight.art\/pt-br\/informacoes-tecnicas\/","title":{"rendered":"Informa\u00e7\u00f5es t\u00e9cnicas"},"content":{"rendered":"\n<h3 class=\"wp-block-heading\">AJUDA NA CONFIGURA\u00c7\u00c3O DO SEU SENSOR?<\/h3>\n\n<p>Precisa de ajuda com o seu sensor? A p\u00e1gina de instala\u00e7\u00e3o e configura\u00e7\u00e3o encontra-se em <a href=\"https:\/\/domesticlight.art\/pt-br\/configuracao\/\">https:\/\/domesticlight.art\/setup\/<\/a><\/p>\n\n<p>Se precisar de ajuda adicional, envie um e-mail, use o nosso <a href=\"https:\/\/domesticlight.art\/pt-br\/contacto\/\">formul\u00e1rio de contacto<\/a> ou fa\u00e7a uma pergunta no nosso <a href=\"https:\/\/discord.gg\/wSfJfzZAMs\">canal<\/a> discord.<\/p>\n\n<p><\/p>\n\n<p>Todos os sensores da s\u00e9rie &#8220;Production&#8221; (n\u00ba 300001 e superior) foram enviados com o software mais recente e podem ser atualizados usando o processo &#8220;OTA&#8221; baseado em navegador da Web. Esses sensores tamb\u00e9m v\u00eam com uma porta I2C adicional na placa para que voc\u00ea possa adicionar outros sensores ambientais, como um monitor de qualidade do ar ou de gases de efeito estufa. <\/p>\n\n<p>A vers\u00e3o de <a href=\"https:\/\/github.com\/thirtysevennorth\/domesticlight_public\">software de mar\u00e7o de 2024 <\/a>oferece a funcionalidade de atualiza\u00e7\u00e3o &#8220;OTA&#8221; ou Over the Air, que melhora muito a experi\u00eancia do usu\u00e1rio. Se o seu sensor tiver uma data de software anterior a 15 de mar\u00e7o de 2024, recomendamos enfaticamente a atualiza\u00e7\u00e3o e ficaremos felizes em ajud\u00e1-lo no processo.<\/p>\n\n<p>As orienta\u00e7\u00f5es sobre como fazer sua pr\u00f3pria atualiza\u00e7\u00e3o de software por meio do Arduino IDE est\u00e3o em nossa <a href=\"https:\/\/github.com\/thirtysevennorth\/domesticlight_public\">p\u00e1gina de c\u00f3digo do GitHub<\/a> e neste guia passo a passo <a href=\"https:\/\/domesticlight.art\/pt-br\/actualizacao-de-software-12-de-agosto-de-2023\/\">https:\/\/domesticlight.art\/software-update-aug-12-2023\/<\/a><\/p>\n\n<p>Se voc\u00ea tiver uma vers\u00e3o &#8220;Prototype&#8221; (com um n\u00famero de dispositivo em um intervalo de 1002xx e 300xxx), essa atualiza\u00e7\u00e3o para o novo software dever\u00e1 ser feita usando o IDE do Arduino, mas depois disso todas as outras atualiza\u00e7\u00f5es poder\u00e3o ser feitas facilmente usando a nova funcionalidade Over The Air. Se precisar de ajuda para atualizar, entre em contato.<\/p>\n\n<h3 class=\"wp-block-heading\">C\u00d3DIGO-FONTE ABERTO:<\/h3>\n\n<p>O c\u00f3digo do projeto est\u00e1 a ser desenvolvido como c\u00f3digo-fonte aberto e est\u00e1 dispon\u00edvel para reutiliza\u00e7\u00e3o e revis\u00e3o. O c\u00f3digo inicial do cliente do sensor de luz dom\u00e9stica para as vers\u00f5es de prot\u00f3tipo e de prova art\u00edstica dos sensores est\u00e1 agora dispon\u00edvel no <a href=\"https:\/\/github.com\/thirtysevennorth\/domesticlight_public\" data-type=\"URL\" data-id=\"https:\/\/github.com\/thirtysevennorth\/domesticlight_public\">github<\/a>, juntamente com a nossa refer\u00eancia de c\u00f3digo interno e os pormenores de resolu\u00e7\u00e3o de problemas. <a rel=\"noreferrer noopener\" href=\"https:\/\/github.com\/thirtysevennorth\/domesticlight_public\" target=\"_blank\">https:\/\/github. <\/a>com\/thirtysevennorth\/domesticlight_public  <\/p>\n\n<p>Agradecemos a ajuda de programadores com experi\u00eancia em trabalhar com a plataforma ESP-32 S3 utilizando o Arduino IDE e sensores ambientais e tamb\u00e9m com experi\u00eancia na aplica\u00e7\u00e3o de aprendizagem autom\u00e1tica para investigar se os perfis espectrais do sensor AMS podem ser utilizados para ajudar a identificar gases COV espec\u00edficos para a pr\u00f3xima fase do projeto.  <\/p>\n\n<p>Se estiver interessado em contribuir, entre <a href=\"https:\/\/domesticlight.art\/pt-br\/participar\/\" data-type=\"page\" data-id=\"10\">em contacto<\/a>!<\/p>\n\n<h3 class=\"wp-block-heading\">QUE DADOS ESTAMOS A RECOLHER:<\/h3>\n\n<p>Os dados prim\u00e1rios recolhidos pela Domestic Light s\u00e3o a cor de diferentes espectros de luz em ambientes dom\u00e9sticos (parapeitos de janelas), a fim de construir um lapso de tempo de dados multi-espectrais matizados das gamas de cores da luz em ambientes dom\u00e9sticos em todo o mundo, a fim de responder \u00e0 quest\u00e3o principal de &#8220;qual \u00e9 a cor da casa?&#8221;<\/p>\n\n<p>Os dados coletados pelo Domestic Light se concentram na sa\u00edda de um pequeno sensor &#8220;bauble&#8221; que os anfitri\u00f5es do projeto colocam no parapeito de suas janelas por um ano.\nO sensor \u00e9 um sensor de luz multiespectral AMS7341 ou AMS7343 que coleta a intensidade dos espectros de luz de 350 nm a 1000 nm.   <\/p>\n\n<p>Os dados recolhidos pelos sensores consistem num conjunto de s\u00e9ries temporais de dados que consistem em pacotes gravados uma vez por segundo, que incluem (11) leituras de 10 bits da intensidade espetral de 9 espectros de luz com comprimentos de onda entre aproximadamente 350 nan\u00f3metros e 1000 nan\u00f3metros, e dois canais adicionais que registam a intensidade total da luz e a taxa de cintila\u00e7\u00e3o em hertz, se existir.<\/p>\n\n<p>Metadados adicionais de controlo e configura\u00e7\u00e3o transmitidos em cada pacote: um carimbo de data\/hora gerado pelo chip de rel\u00f3gio em tempo real, um carimbo de data\/hora do rel\u00f3gio da rede, um valor hash que codifica o endere\u00e7o MAC do microcontrolador para identifica\u00e7\u00e3o, chave hash e informa\u00e7\u00f5es de canal para a base de dados MQTT e o estado atual de sa\u00fade do sensor. Estes dados s\u00e3o registados localmente no controlador uma vez por segundo, armazenados em cache pelo microcontrolador e transmitidos atrav\u00e9s de um protocolo MQTT encriptado por SSL para uma base de dados SQL de um corretor MQTT baseado na nuvem (entre uma vez por minuto e uma vez por dia, dependendo da largura de banda da rede local).<\/p>\n\n<p>No que respeita ao hardware: O pacote de sensores consiste numa placa de circuito impresso personalizada para montar o sensor AS7341 ou AS7343 da AMS, juntamente com um rel\u00f3gio de tempo real (RTC) integrado (Maxim 31343) sincronizado no momento do envio para os outros sensores, e um microcontrolador (a Rev A utiliza um Raspberry Pi Zero 2 W, a Rev B utiliza o ESP32-S3 Feather). A alimenta\u00e7\u00e3o \u00e9 fornecida por uma entrada de alimenta\u00e7\u00e3o USB-C de 5v e um cabo de alimenta\u00e7\u00e3o adequado ao local alojado.<\/p>\n\n<h3 class=\"wp-block-heading\">ONDE EST\u00c1 A SER RECOLHIDO?<\/h3>\n\n<p>Os dados dos sensores ser\u00e3o armazenados nos dispositivos enquanto s\u00e3o armazenados em buffer e, em seguida, transmitidos para um armazenamento em nuvem de longo prazo.\nAp\u00f3s a transmiss\u00e3o, os dados ser\u00e3o armazenados em um servidor virtual privado hospedado por um dos v\u00e1rios provedores de servidores privados, incluindo AWS (Amazon Web Services, Inc.), Digital Ocean (DigitalOcean Holdings, Inc.) ou AliBaba, conforme apropriado para os requisitos nacionais de resid\u00eancia de dados.  Antes do tratamento, os dados s\u00f3 ser\u00e3o acess\u00edveis ao pessoal t\u00e9cnico do projeto atrav\u00e9s de um acesso encriptado.<\/p>\n\n<h3 class=\"wp-block-heading\">ARQUIVAMENTO A LONGO PRAZO:<\/h3>\n\n<p>No final do projeto, o conjunto de dados subjacentes dos dados de cor em bruto e a localiza\u00e7\u00e3o geogr\u00e1fica mascarada ser\u00e3o arquivados juntamente com um ficheiro .csv associado que cont\u00e9m uma refer\u00eancia de metadados. A inten\u00e7\u00e3o \u00e9 que o armazenamento a longo prazo seja arquivado pela Biblioteca da Universidade de Sussex para o Sussex Humanities Lab, bem como um arquivo espelho inclu\u00eddo como parte dos materiais auxiliares para uma sec\u00e7\u00e3o especial do Leonardo Journal (publicado pela MIT press) no inverno de 2024. O Leonardo aloja atualmente os conjuntos de dados e outros materiais para essas edi\u00e7\u00f5es como parte do seu processo de publica\u00e7\u00e3o. Finalmente, como artista, manterei um arquivo completo do projeto para sempre como parte dos meus registos e documentos art\u00edsticos.<\/p>\n\n<p>PUBLICA\u00c7\u00c3O DE DADOS EM ARQUIVO CREATIVE COMMONS: O conjunto de dados subjacente produzido pelo projeto de recolha de dados ser\u00e1 publicado ao abrigo de uma licen\u00e7a <strong>CC BY-SA 4.0 (<\/strong>Creative Commons Attribution Share Alike ou &#8220;copy-left&#8221;), com todos os contribuintes de dados nomeados como contribuintes, a menos que optem por ser listados anonimamente.<\/p>\n\n<p>Outros artistas, participantes e investigadores podem utilizar o conjunto de dados para criar as suas pr\u00f3prias obras de arte ou publica\u00e7\u00f5es.<\/p>\n\n<h3 class=\"wp-block-heading\">OBRAS CRIADAS A PARTIR DO CONJUNTO DE DADOS:  <\/h3>\n\n<p>Quaisquer obras de arte ou publica\u00e7\u00f5es derivadas criadas a partir do conjunto de dados ser\u00e3o propriedade dos artistas criadores, que poder\u00e3o utiliz\u00e1-las como desejarem, desde que os termos CC BY-SA para qualquer distribui\u00e7\u00e3o do pr\u00f3prio conjunto de dados sejam respeitados.<\/p>\n","protected":false},"excerpt":{"rendered":"<p>AJUDA NA CONFIGURA\u00c7\u00c3O DO SEU SENSOR? Precisa de ajuda com o seu sensor? A p\u00e1gina de instala\u00e7\u00e3o e configura\u00e7\u00e3o encontra-se em https:\/\/domesticlight.art\/setup\/ Se precisar de ajuda adicional, envie um e-mail, use o nosso formul\u00e1rio de contacto ou fa\u00e7a uma pergunta no nosso canal discord. Todos os sensores da s\u00e9rie &#8220;Production&#8221; (n\u00ba 300001 e superior) foram [&hellip;]<\/p>\n","protected":false},"author":7,"featured_media":0,"parent":0,"menu_order":0,"comment_status":"closed","ping_status":"closed","template":"","meta":{"_acf_changed":false,"footnotes":""},"class_list":["post-1052","page","type-page","status-publish","hentry"],"acf":[],"_links":{"self":[{"href":"https:\/\/domesticlight.art\/pt-br\/wp-json\/wp\/v2\/pages\/1052","targetHints":{"allow":["GET"]}}],"collection":[{"href":"https:\/\/domesticlight.art\/pt-br\/wp-json\/wp\/v2\/pages"}],"about":[{"href":"https:\/\/domesticlight.art\/pt-br\/wp-json\/wp\/v2\/types\/page"}],"author":[{"embeddable":true,"href":"https:\/\/domesticlight.art\/pt-br\/wp-json\/wp\/v2\/users\/7"}],"replies":[{"embeddable":true,"href":"https:\/\/domesticlight.art\/pt-br\/wp-json\/wp\/v2\/comments?post=1052"}],"version-history":[{"count":5,"href":"https:\/\/domesticlight.art\/pt-br\/wp-json\/wp\/v2\/pages\/1052\/revisions"}],"predecessor-version":[{"id":2800,"href":"https:\/\/domesticlight.art\/pt-br\/wp-json\/wp\/v2\/pages\/1052\/revisions\/2800"}],"wp:attachment":[{"href":"https:\/\/domesticlight.art\/pt-br\/wp-json\/wp\/v2\/media?parent=1052"}],"curies":[{"name":"wp","href":"https:\/\/api.w.org\/{rel}","templated":true}]}}