{"id":679,"date":"2023-05-10T17:59:00","date_gmt":"2023-05-10T17:59:00","guid":{"rendered":"https:\/\/domesticlight.art\/equipe\/"},"modified":"2023-08-11T22:48:46","modified_gmt":"2023-08-11T22:48:46","slug":"equipe","status":"publish","type":"page","link":"https:\/\/domesticlight.art\/fr\/equipe\/","title":{"rendered":"\u00c9quipe"},"content":{"rendered":"\n<p><strong>Ian Winters<\/strong> est un artiste des m\u00e9dias et de la vid\u00e9o qui r\u00e9alise des \u0153uvres pour la galerie, des projections et des \u0153uvres lumineuses sp\u00e9cifiques au site, ainsi que des performances en direct mises en sc\u00e8ne. Collaborant souvent avec des compositeurs, des metteurs en sc\u00e8ne et des chor\u00e9graphes, il cr\u00e9e des environnements visuels et acoustiques sur sc\u00e8ne et sur site \u00e0 l&rsquo;\u00e9chelle internationale. Son travail avec des ensembles et des metteurs en sc\u00e8ne de renom, qu&rsquo;il s&rsquo;agisse de performances ou d&rsquo;\u0153uvres vid\u00e9o et visuelles plus traditionnelles, a \u00e9t\u00e9 soutenu par le Creative Work Fund, la Rainin Foundation, la Zellerbach Family Foundation, Djerassi et l&rsquo;EMPAC, pour n&rsquo;en citer que quelques-uns. Il continue d&rsquo;enseigner activement dans le monde entier, animant des ateliers sur les m\u00e9dias en direct et l&rsquo;int\u00e9gration de capteurs, de performances physiques et d&rsquo;\u0153uvres bas\u00e9es sur des sites. Il a \u00e9tudi\u00e9 la vid\u00e9o et la performance \u00e0 l&rsquo;\u00e9cole du mus\u00e9e des beaux-arts et \u00e0 l&rsquo;universit\u00e9 de Tufts, puis s&rsquo;est form\u00e9 \u00e0 la danse, au th\u00e9\u00e2tre physique et \u00e0 l&rsquo;architecture. Il est \u00e9galement co-commissaire de MilkBar avec Mary Armentrout.<\/p>\n","protected":false},"excerpt":{"rendered":"<p>Ian Winters est un artiste des m\u00e9dias et de la vid\u00e9o qui r\u00e9alise des \u0153uvres pour la galerie, des projections et des \u0153uvres lumineuses sp\u00e9cifiques au site, ainsi que des performances en direct mises en sc\u00e8ne. Collaborant souvent avec des compositeurs, des metteurs en sc\u00e8ne et des chor\u00e9graphes, il cr\u00e9e des environnements visuels et acoustiques [&hellip;]<\/p>\n","protected":false},"author":1,"featured_media":119,"parent":0,"menu_order":0,"comment_status":"closed","ping_status":"closed","template":"page-team.php","meta":{"_acf_changed":false,"footnotes":""},"class_list":["post-679","page","type-page","status-publish","has-post-thumbnail","hentry"],"acf":[],"_links":{"self":[{"href":"https:\/\/domesticlight.art\/fr\/wp-json\/wp\/v2\/pages\/679","targetHints":{"allow":["GET"]}}],"collection":[{"href":"https:\/\/domesticlight.art\/fr\/wp-json\/wp\/v2\/pages"}],"about":[{"href":"https:\/\/domesticlight.art\/fr\/wp-json\/wp\/v2\/types\/page"}],"author":[{"embeddable":true,"href":"https:\/\/domesticlight.art\/fr\/wp-json\/wp\/v2\/users\/1"}],"replies":[{"embeddable":true,"href":"https:\/\/domesticlight.art\/fr\/wp-json\/wp\/v2\/comments?post=679"}],"version-history":[{"count":2,"href":"https:\/\/domesticlight.art\/fr\/wp-json\/wp\/v2\/pages\/679\/revisions"}],"predecessor-version":[{"id":702,"href":"https:\/\/domesticlight.art\/fr\/wp-json\/wp\/v2\/pages\/679\/revisions\/702"}],"wp:featuredmedia":[{"embeddable":true,"href":"https:\/\/domesticlight.art\/fr\/wp-json\/wp\/v2\/media\/119"}],"wp:attachment":[{"href":"https:\/\/domesticlight.art\/fr\/wp-json\/wp\/v2\/media?parent=679"}],"curies":[{"name":"wp","href":"https:\/\/api.w.org\/{rel}","templated":true}]}}