{"id":647,"date":"2023-05-23T18:54:49","date_gmt":"2023-05-23T18:54:49","guid":{"rendered":"https:\/\/domesticlight.art\/lumiere-domestique\/"},"modified":"2025-06-05T17:22:28","modified_gmt":"2025-06-05T17:22:28","slug":"lumiere-domestique","status":"publish","type":"page","link":"https:\/\/domesticlight.art\/fr\/","title":{"rendered":"Lumi\u00e8re domestique"},"content":{"rendered":"\n<p><\/p>\n\n<p><strong>Domestic Light<\/strong> explore la disparit\u00e9 entre la perception et la m\u00e9diation de la lumi\u00e8re naturelle et la nature de nos relations en r\u00e9seau. En commen\u00e7ant par une collecte de donn\u00e9es sur la couleur de la lumi\u00e8re qui a dur\u00e9 un an, le projet offre une nouvelle fa\u00e7on de remarquer comment nos corps construisent la notion de maison et le passage du temps en fonction des qualit\u00e9s de la lumi\u00e8re l\u00e0 o\u00f9 nous vivons, et comment les images m\u00e9diatis\u00e9es de la nature nous sensibilisent en tant qu&rsquo;esp\u00e8ce.  <\/p>\n\n<p>Domestic Light culminera \u00e0 la fin de l&rsquo;ann\u00e9e 2025 avec une installation audiovisuelle en direct r\u00e9alis\u00e9e par Winters et la compositrice Pamela Z \u00e0 partir des donn\u00e9es et des mat\u00e9riaux collect\u00e9s au cours des ann\u00e9es solaires 2023-2025. <strong>Domestic Light<\/strong> r\u00e9pond au besoin urgent de construire des r\u00e9seaux de communaut\u00e9 \u00e0 communaut\u00e9, et soutient le r\u00f4le des artistes dans la culture de l&rsquo;observation de leurs propres transformations environnementales. \u00c0 la fin du projet, son ensemble unique de donn\u00e9es structur\u00e9es sera archiv\u00e9 au laboratoire des sciences humaines de l&rsquo;universit\u00e9 du Sussex et mis \u00e0 la disposition du public \u00e0 des fins d&rsquo;utilisation et d&rsquo;interpr\u00e9tation par des artistes et des chercheurs.  <\/p>\n\n<p><strong>Pour de plus amples informations sur le streaming vid\u00e9o en direct &#8211; sensor work (du 21 juin 2023 au 21 juin 2024 \u00e0 la <strong>SFArtsED Gallery<\/strong>, Minnesota St Project, <strong> 1275 MINNESOTA ST, 2nd Floor<\/strong>), veuillez consulter le site suivant <\/strong><a href=\"https:\/\/domesticlight.art\/fr\/news\/exposition-dans-la-galerie-et-reception-douverture-8-juillet-15h00-18h00\/\">https:\/\/domesticlight.art\/news\/galleryexhibit\/<\/a><strong> <\/strong><\/p>\n\n<p>Restez \u00e0 l&rsquo;\u00e9coute pour des informations sur nos installations de performance 2025-2026 et des pr\u00e9sentations du travail en cours de la performance audiovisuelle \/ sculpture lumineuse achev\u00e9e.<\/p>\n","protected":false},"excerpt":{"rendered":"<p>Domestic Light explore la disparit\u00e9 entre la perception et la m\u00e9diation de la lumi\u00e8re naturelle et la nature de nos relations en r\u00e9seau. En commen\u00e7ant par une collecte de donn\u00e9es sur la couleur de la lumi\u00e8re qui a dur\u00e9 un an, le projet offre une nouvelle fa\u00e7on de remarquer comment nos corps construisent la notion [&hellip;]<\/p>\n","protected":false},"author":1,"featured_media":0,"parent":0,"menu_order":0,"comment_status":"closed","ping_status":"closed","template":"page-homepage.php","meta":{"_acf_changed":false,"footnotes":""},"class_list":["post-647","page","type-page","status-publish","hentry"],"acf":[],"_links":{"self":[{"href":"https:\/\/domesticlight.art\/fr\/wp-json\/wp\/v2\/pages\/647","targetHints":{"allow":["GET"]}}],"collection":[{"href":"https:\/\/domesticlight.art\/fr\/wp-json\/wp\/v2\/pages"}],"about":[{"href":"https:\/\/domesticlight.art\/fr\/wp-json\/wp\/v2\/types\/page"}],"author":[{"embeddable":true,"href":"https:\/\/domesticlight.art\/fr\/wp-json\/wp\/v2\/users\/1"}],"replies":[{"embeddable":true,"href":"https:\/\/domesticlight.art\/fr\/wp-json\/wp\/v2\/comments?post=647"}],"version-history":[{"count":7,"href":"https:\/\/domesticlight.art\/fr\/wp-json\/wp\/v2\/pages\/647\/revisions"}],"predecessor-version":[{"id":3142,"href":"https:\/\/domesticlight.art\/fr\/wp-json\/wp\/v2\/pages\/647\/revisions\/3142"}],"wp:attachment":[{"href":"https:\/\/domesticlight.art\/fr\/wp-json\/wp\/v2\/media?parent=647"}],"curies":[{"name":"wp","href":"https:\/\/api.w.org\/{rel}","templated":true}]}}