{"id":64,"date":"2023-05-10T17:59:20","date_gmt":"2023-05-10T17:59:20","guid":{"rendered":"https:\/\/dev.domesticlight.art\/?page_id=64"},"modified":"2024-12-14T19:18:52","modified_gmt":"2024-12-14T19:18:52","slug":"participer","status":"publish","type":"page","link":"https:\/\/domesticlight.art\/fr\/participer\/","title":{"rendered":"Participer"},"content":{"rendered":"\n<p><strong>Nous recherchons activement des artistes et des collaborateurs &#8211; dans chaque fuseau horaire de la plan\u00e8te &#8211; pour accueillir un capteur de lumi\u00e8re du 21 juin 2023 (d\u00e9sormais prolong\u00e9) au 21 juin 2025.<\/strong> Le r\u00e9seau se d\u00e9veloppe et nous accepterons de nouveaux emplacements jusqu&rsquo;en <strong>d\u00e9cembre 2024<\/strong>.<\/p>\n\n<h3 class=\"wp-block-heading\">QUE VAIS-JE FAIRE EN TANT QU&rsquo;H\u00d4TE ?<\/h3>\n\n<ul class=\"wp-block-list\">\n<li>Placez le capteur de lumi\u00e8re que nous vous avons envoy\u00e9 sur le rebord de votre fen\u00eatre.  <\/li>\n\n\n\n<li>Fournissez de l&rsquo;\u00e9lectricit\u00e9 (il utilise une alimentation USB de 5 V) et un acc\u00e8s wifi au moins une fois par jour, et vous ferez partie d&rsquo;une \u00e9quipe collaborative mondiale qui fournira les donn\u00e9es brutes du projet.  <\/li>\n\n\n\n<li>Il enverra les donn\u00e9es automatiquement. Les cycles journaliers de changement de la couleur de la lumi\u00e8re dans votre environnement au cours de l&rsquo;ann\u00e9e 2023 &#8211; 2024 sont au c\u0153ur de Domestic Light.  <\/li>\n\n\n\n<li>Vous pouvez partager (si vous le souhaitez) une fois par mois un enregistrement sonore d&rsquo;une minute r\u00e9pondant \u00e0 l&rsquo;invitation : \u00ab\u00a0<em>the sound of home<\/em>?\u00a0\u00bb qui servira de base \u00e0 la partition de la compositrice <a href=\"http:\/\/www.pamelaz.com\/\" target=\"_blank\" rel=\"noreferrer noopener\">Pamela Z<\/a>pour le projet. Il pourra \u00eatre utilis\u00e9 dans une performance audio-visuelle en direct par Ian Winters et la compositrice\/interpr\u00e8te Pamela Z en 2025, ainsi que dans un travail de suivi en direct au cours de l&rsquo;ann\u00e9e&#8230; Si vous le souhaitez, vous pourrez \u00e9galement partager sur le site web votre exp\u00e9rience de l&rsquo;observation du passage de la lumi\u00e8re au cours de l&rsquo;ann\u00e9e.<\/li>\n\n\n\n<li>Vous pourrez \u00e9galement diffuser les donn\u00e9es collect\u00e9es sur votre r\u00e9seau local pour les utiliser dans vos propres projets via <a href=\"https:\/\/en.wikipedia.org\/wiki\/Open_Sound_Control\" target=\"_blank\" rel=\"noreferrer noopener\">OSC<\/a>.<\/li>\n<\/ul>\n\n<h3 class=\"wp-block-heading\">JE SOUHAITE PARTICIPER. QU&rsquo;EST-CE QUE LA PROCHAINE ?<\/h3>\n\n<ul class=\"wp-block-list\">\n<li><strong>Fill out<\/strong>&nbsp;<strong>the SENSOR HOST REQUEST&nbsp;<\/strong>form.\n<ul class=\"wp-block-list\">\n<li>nous vous enverrons un e-mail pour confirmer vos informations. Nous vous donnerons tous les d\u00e9tails du projet concernant les donn\u00e9es collect\u00e9es et la mani\u00e8re dont elles seront utilis\u00e9es, et nous vous demanderons de confirmer votre int\u00e9r\u00eat.  <\/li>\n<\/ul>\n<\/li>\n\n\n\n<li><strong>Recevoir un capteur<\/strong>: Apr\u00e8s confirmation, nous vous enverrons un petit capteur et un contr\u00f4leur de la taille d&rsquo;un Raspberry Pi (6 cm x 8 cm) dans un bo\u00eetier en plastique translucide. Quand il arrive :\n<ul class=\"wp-block-list\">\n<li><strong>placer le capteur sur le rebord d&rsquo;une fen\u00eatre,<\/strong> o\u00f9 il recevra de la lumi\u00e8re de l&rsquo;int\u00e9rieur et de l&rsquo;ext\u00e9rieur. Nous vous demandons de le maintenir connect\u00e9 et sous tension (dans la mesure du possible) jusqu&rsquo;au 21 juin 2025 (pour les nouveaux capteurs) et de le d\u00e9placer le moins possible.<\/li>\n\n\n\n<li>le <strong>connecter \u00e0 l&rsquo;\u00e9lectricit\u00e9 et au wifi<\/strong>: le brancher \u00e0 l&rsquo;\u00e9lectricit\u00e9. Il est aliment\u00e9 par une connexion USB 5v (comme un t\u00e9l\u00e9phone portable). Ensuite, connectez-le \u00e0 votre r\u00e9seau wifi local \u00e0 l&rsquo;aide de votre t\u00e9l\u00e9phone ou d&rsquo;un autre ordinateur et entrez votre mot de passe. Il est accompagn\u00e9 d&rsquo;un mode d&#8217;emploi complet, d&rsquo;un cordon d&rsquo;alimentation pour votre pays et d&rsquo;une assistance sur appel en cas de besoin.  <\/li>\n\n\n\n<li><strong>Laissez-le fonctionner : <\/strong>Une fois par minute environ, il utilisera une tr\u00e8s petite quantit\u00e9 de donn\u00e9es wifi pour t\u00e9l\u00e9charger les donn\u00e9es relatives \u00e0 la couleur de la lumi\u00e8re. Si vous disposez d&rsquo;une connexion Internet extr\u00eamement limit\u00e9e (par exemple une connexion satellite), faites-le nous savoir afin que nous puissions vous fournir une version \u00e0 faible bande passante.<\/li>\n<\/ul>\n<\/li>\n\n\n\n<li><strong>Partagez une minute de son une fois par mois<\/strong>. Nous demandons \u00e9galement aux participants volontaires de partager une minute de son, une fois par mois, en r\u00e9pondant \u00e0 l&rsquo;invitation : <em>Quel est le son de la maison ? <\/em>Les enregistrements r\u00e9alis\u00e9s \u00e0 l&rsquo;aide d&rsquo;un t\u00e9l\u00e9phone portable sont acceptables. Nous aurons un lien sp\u00e9cial sur ce site pour que vous puissiez les t\u00e9l\u00e9charger directement \u00e0 partir de votre t\u00e9l\u00e9phone.  <\/li>\n\n\n\n<li><strong>Conservez le capteur et poursuivez le r\u00e9seau :<\/strong> \u00c0 la fin du projet, vous pouvez conserver le capteur &#8211; nous esp\u00e9rons qu&rsquo;il vous sera utile !  <\/li>\n\n\n\n<li><strong>MISE \u00c0 JOUR &#8211; MARS 2024-<\/strong> Nous avons \u00e9t\u00e9 en mesure de confirmer le financement pour maintenir le r\u00e9seau en fonctionnement jusqu&rsquo;en juin 2025 en tant que plateforme pour les artistes travaillant sur des projets IOT utilisant des donn\u00e9es environnementales et nous accueillons l&rsquo;int\u00e9r\u00eat et le soutien pour cela, ainsi que l&rsquo;int\u00e9r\u00eat pour l&rsquo;extension de sa dur\u00e9e de vie et de sa port\u00e9e.<\/li>\n<\/ul>\n","protected":false},"excerpt":{"rendered":"<p>Nous recherchons activement des artistes et des collaborateurs &#8211; dans chaque fuseau horaire de la plan\u00e8te &#8211; pour accueillir un capteur de lumi\u00e8re du 21 juin 2023 (d\u00e9sormais prolong\u00e9) au 21 juin 2025. Le r\u00e9seau se d\u00e9veloppe et nous accepterons de nouveaux emplacements jusqu&rsquo;en d\u00e9cembre 2024. QUE VAIS-JE FAIRE EN TANT QU&rsquo;H\u00d4TE ? JE SOUHAITE [&hellip;]<\/p>\n","protected":false},"author":42,"featured_media":0,"parent":0,"menu_order":0,"comment_status":"closed","ping_status":"closed","template":"","meta":{"_acf_changed":false,"footnotes":""},"class_list":["post-64","page","type-page","status-publish","hentry"],"acf":[],"_links":{"self":[{"href":"https:\/\/domesticlight.art\/fr\/wp-json\/wp\/v2\/pages\/64","targetHints":{"allow":["GET"]}}],"collection":[{"href":"https:\/\/domesticlight.art\/fr\/wp-json\/wp\/v2\/pages"}],"about":[{"href":"https:\/\/domesticlight.art\/fr\/wp-json\/wp\/v2\/types\/page"}],"author":[{"embeddable":true,"href":"https:\/\/domesticlight.art\/fr\/wp-json\/wp\/v2\/users\/42"}],"replies":[{"embeddable":true,"href":"https:\/\/domesticlight.art\/fr\/wp-json\/wp\/v2\/comments?post=64"}],"version-history":[{"count":6,"href":"https:\/\/domesticlight.art\/fr\/wp-json\/wp\/v2\/pages\/64\/revisions"}],"predecessor-version":[{"id":2904,"href":"https:\/\/domesticlight.art\/fr\/wp-json\/wp\/v2\/pages\/64\/revisions\/2904"}],"wp:attachment":[{"href":"https:\/\/domesticlight.art\/fr\/wp-json\/wp\/v2\/media?parent=64"}],"curies":[{"name":"wp","href":"https:\/\/api.w.org\/{rel}","templated":true}]}}