{"id":67,"date":"2023-05-10T17:59:20","date_gmt":"2023-05-10T17:59:20","guid":{"rendered":"https:\/\/dev.domesticlight.art\/?page_id=67"},"modified":"2024-12-14T19:24:39","modified_gmt":"2024-12-14T19:24:39","slug":"participar","status":"publish","type":"page","link":"https:\/\/domesticlight.art\/es\/participar\/","title":{"rendered":"Participe en"},"content":{"rendered":"\n<p><strong>Estamos buscando activamente artistas y colaboradores -en cada zona horaria del planeta- para albergar un sensor de luz desde el 21 de junio de 2023 (ahora ampliado) hasta el 21 de junio de 2025.<\/strong> La red est\u00e1 creciendo y aceptaremos nuevas ubicaciones hasta <strong>diciembre de 2024<\/strong>.<\/p>\n\n<h3 class=\"wp-block-heading\">\u00bfQU\u00c9 HAR\u00c9 COMO ANFITRI\u00d3N?<\/h3>\n\n<ul class=\"wp-block-list\">\n<li>Coloque el sensor de luz que le enviamos en el alf\u00e9izar de su ventana.  <\/li>\n\n\n\n<li>Proporci\u00f3nale electricidad (utiliza una fuente de alimentaci\u00f3n USB de 5v) y acceso wifi al menos una vez al d\u00eda, y pasar\u00e1s a formar parte de un equipo de colaboraci\u00f3n global que proporciona los datos brutos del proyecto.  <\/li>\n\n\n\n<li>Enviar\u00e1 los datos autom\u00e1ticamente. Los ciclos diarios de cambio del color de la luz en su entorno durante el a\u00f1o 2023 &#8211; 2024 son el n\u00facleo de Domestic Light.  <\/li>\n\n\n\n<li>Puedes compartir (si est\u00e1s dispuesto) una vez al mes una grabaci\u00f3n de sonido de 1 minuto que responda a la pregunta: \u00ab<em>\u00bfel sonido del hogar<\/em>?\u00bb que servir\u00e1 de base para la partitura de la compositora <a href=\"http:\/\/www.pamelaz.com\/\" target=\"_blank\" rel=\"noreferrer noopener\">Pamela<\/a>Z para el proyecto. Podr\u00e1 utilizarse en una actuaci\u00f3n audiovisual en directo de Ian Winters y la compositora\/int\u00e9rprete Pamela Z en 2025, as\u00ed como en un trabajo de monitorizaci\u00f3n en directo durante el a\u00f1o.. Tambi\u00e9n podr\u00e1s compartir escritos sobre tu experiencia de observaci\u00f3n del paso de la luz del a\u00f1o en el sitio web, si lo deseas.<\/li>\n\n\n\n<li>Tambi\u00e9n podr\u00e1s transmitir los datos recogidos a tu red local para utilizarlos en tus propios proyectos a trav\u00e9s de <a href=\"https:\/\/en.wikipedia.org\/wiki\/Open_Sound_Control\" target=\"_blank\" rel=\"noreferrer noopener\">OSC<\/a>.<\/li>\n<\/ul>\n\n<h3 class=\"wp-block-heading\">QUIERO PARTICIPAR. \u00bfQU\u00c9 SIGUE?<\/h3>\n\n<ul class=\"wp-block-list\">\n<li><strong>Fill out<\/strong>&nbsp;<strong>the SENSOR HOST REQUEST&nbsp;<\/strong>form.\n<ul class=\"wp-block-list\">\n<li>le enviaremos un correo electr\u00f3nico para confirmar sus datos. Le daremos todos los detalles del proyecto sobre qu\u00e9 datos se recogen y c\u00f3mo se utilizar\u00e1n, y le pediremos que confirme su inter\u00e9s.  <\/li>\n<\/ul>\n<\/li>\n\n\n\n<li><strong>Recibir un<\/strong> sensor: Una vez confirmado te enviaremos un peque\u00f1o sensor y un controlador del tama\u00f1o aproximado de una Raspberry Pi (6cm x 8cm) en un estuche de pl\u00e1stico transl\u00facido. Cuando llegue:\n<ul class=\"wp-block-list\">\n<li><strong>coloca el sensor en el alf\u00e9izar de una ventana<\/strong>, donde reciba luz del interior y del exterior. Te pedimos que lo mantengas conectado y encendido (lo mejor que puedas) hasta el 21 de junio de 2025 (para los nuevos sensores), y que lo muevas lo menos posible.<\/li>\n\n\n\n<li><strong>Con\u00e9ctalo a la corriente el\u00e9ctrica y al wifi<\/strong>: Ench\u00fafalo a la corriente el\u00e9ctrica. Se alimenta mediante una conexi\u00f3n USB de 5v (como un tel\u00e9fono m\u00f3vil). A continuaci\u00f3n, con\u00e9ctalo a tu red wifi local utilizando el tel\u00e9fono u otro ordenador para introducir tu contrase\u00f1a. Se suministra con instrucciones completas, un cable de alimentaci\u00f3n para su pa\u00eds y ayuda telef\u00f3nica en caso necesario.  <\/li>\n\n\n\n<li><strong>D\u00e9jalo funcionar: <\/strong>Cada minuto aproximadamente utilizar\u00e1 una cantidad muy peque\u00f1a de datos wifi para cargar los datos del color de la luz. Si tienes una conexi\u00f3n a Internet muy limitada (por ejemplo, por sat\u00e9lite), av\u00edsanos para que podamos ofrecerte una versi\u00f3n con un ancho de banda reducido.<\/li>\n<\/ul>\n<\/li>\n\n\n\n<li><strong>Comparte 1 minuto de sonido una vez al mes<\/strong>. Tambi\u00e9n pedimos a los participantes que compartan un minuto de sonido, una vez al mes, respondiendo a esta pregunta: <em>\u00bfCu\u00e1l es el sonido de casa? <\/em>Se aceptan grabaciones hechas con el m\u00f3vil. Tendremos un enlace especial en este sitio para que puedas cargarlas directamente desde tu tel\u00e9fono.  <\/li>\n\n\n\n<li><strong>Qu\u00e9date con el sensor y contin\u00faa con la red:<\/strong> Al final del proyecto puedes quedarte con el sensor: \u00a1esperamos que te resulte \u00fatil!  <\/li>\n\n\n\n<li><strong>ACTUALIZACI\u00d3N &#8211; MARZO DE 2024-<\/strong> Hemos podido confirmar la financiaci\u00f3n para mantener la red en funcionamiento hasta junio de 2025 como plataforma para artistas que trabajen en proyectos de IoT utilizando datos medioambientales y agradecemos el inter\u00e9s y el apoyo para ello, as\u00ed como el inter\u00e9s en ampliar su vida y alcance.<\/li>\n<\/ul>\n","protected":false},"excerpt":{"rendered":"<p>Estamos buscando activamente artistas y colaboradores -en cada zona horaria del planeta- para albergar un sensor de luz desde el 21 de junio de 2023 (ahora ampliado) hasta el 21 de junio de 2025. La red est\u00e1 creciendo y aceptaremos nuevas ubicaciones hasta diciembre de 2024. \u00bfQU\u00c9 HAR\u00c9 COMO ANFITRI\u00d3N? QUIERO PARTICIPAR. \u00bfQU\u00c9 SIGUE?<\/p>\n","protected":false},"author":42,"featured_media":0,"parent":0,"menu_order":0,"comment_status":"closed","ping_status":"closed","template":"","meta":{"_acf_changed":false,"footnotes":""},"class_list":["post-67","page","type-page","status-publish","hentry"],"acf":[],"_links":{"self":[{"href":"https:\/\/domesticlight.art\/es\/wp-json\/wp\/v2\/pages\/67","targetHints":{"allow":["GET"]}}],"collection":[{"href":"https:\/\/domesticlight.art\/es\/wp-json\/wp\/v2\/pages"}],"about":[{"href":"https:\/\/domesticlight.art\/es\/wp-json\/wp\/v2\/types\/page"}],"author":[{"embeddable":true,"href":"https:\/\/domesticlight.art\/es\/wp-json\/wp\/v2\/users\/42"}],"replies":[{"embeddable":true,"href":"https:\/\/domesticlight.art\/es\/wp-json\/wp\/v2\/comments?post=67"}],"version-history":[{"count":7,"href":"https:\/\/domesticlight.art\/es\/wp-json\/wp\/v2\/pages\/67\/revisions"}],"predecessor-version":[{"id":2911,"href":"https:\/\/domesticlight.art\/es\/wp-json\/wp\/v2\/pages\/67\/revisions\/2911"}],"wp:attachment":[{"href":"https:\/\/domesticlight.art\/es\/wp-json\/wp\/v2\/media?parent=67"}],"curies":[{"name":"wp","href":"https:\/\/api.w.org\/{rel}","templated":true}]}}